{"id":1301,"date":"2020-02-09T22:12:00","date_gmt":"2020-02-09T22:12:00","guid":{"rendered":"https:\/\/epicentercanarias.com\/?post_type=product&#038;p=1301"},"modified":"2020-02-09T22:12:00","modified_gmt":"2020-02-09T22:12:00","slug":"mendi-arion","status":"publish","type":"product","link":"https:\/\/epicentercanarias.com\/en\/producto\/mendi-arion\/","title":{"rendered":"MENDI ARION"},"content":{"rendered":"<p>Calzado de seguridad con una suela PU fabricada en\u00a0en doble densidad, con inserto de TPU en la zona de enfranque que evita el riesgo de torsi\u00f3n en el pie, tan frecuente en entornos de extremada dureza.<\/p>\n<p>Caracter\u00edsticas:<\/p>\n<ul>\n<li class=\"cat23\">Pieles hidrofugadas<\/li>\n<li class=\"cat23\">Puntera termopolim\u00e9rica extra ancha<\/li>\n<li class=\"cat23\">Forros interiores con elevados coeficientes de transpirabilidad<\/li>\n<li class=\"cat23\">Plantilla antiperforaci\u00f3n textil multicapa<\/li>\n<li class=\"cat23\">Marcado SRC: Valores excelentes SRA baldosa y SRB acero<\/li>\n<li class=\"cat23\">Sistema antitorsi\u00f3n<\/li>\n<li class=\"cat23\">Plantilla confort moldeada en espuma PU y tejido antibacteriano, burbuja antifatiga en el tal\u00f3n<\/li>\n<\/ul>\n<p><strong><a href=\"https:\/\/epicentercanarias.com\/wp-content\/uploads\/2019\/12\/FT.-ARION-AENEAS.pdf\" rel=\"attachment wp-att-693\">Descargar Ficha T\u00e9cnica<\/a><\/strong><\/p>\n","protected":false},"excerpt":{"rendered":"<p>Calzado de seguridad con una suela PU fabricada en\u00a0en doble densidad, con inserto de TPU en la zona de enfranque que evita el riesgo de torsi\u00f3n en el pie, tan frecuente en entornos de extremada dureza. Caracter\u00edsticas: Pieles hidrofugadas Puntera termopolim\u00e9rica extra ancha Forros interiores con elevados coeficientes de transpirabilidad Plantilla antiperforaci\u00f3n textil multicapa Marcado [&hellip;]<\/p>\n","protected":false},"featured_media":613,"template":"","meta":{"_uf_show_specific_survey":0,"_uf_disable_surveys":false,"site-sidebar-layout":"default","site-content-layout":"","ast-site-content-layout":"default","site-content-style":"default","site-sidebar-style":"default","ast-global-header-display":"","ast-banner-title-visibility":"","ast-main-header-display":"","ast-hfb-above-header-display":"","ast-hfb-below-header-display":"","ast-hfb-mobile-header-display":"","site-post-title":"","ast-breadcrumbs-content":"","ast-featured-img":"","footer-sml-layout":"","theme-transparent-header-meta":"","adv-header-id-meta":"","stick-header-meta":"","header-above-stick-meta":"","header-main-stick-meta":"","header-below-stick-meta":"","astra-migrate-meta-layouts":"default","ast-page-background-enabled":"default","ast-page-background-meta":{"desktop":{"background-color":"","background-image":"","background-repeat":"repeat","background-position":"center center","background-size":"auto","background-attachment":"scroll","background-type":"","background-media":"","overlay-type":"","overlay-color":"","overlay-opacity":"","overlay-gradient":""},"tablet":{"background-color":"","background-image":"","background-repeat":"repeat","background-position":"center center","background-size":"auto","background-attachment":"scroll","background-type":"","background-media":"","overlay-type":"","overlay-color":"","overlay-opacity":"","overlay-gradient":""},"mobile":{"background-color":"","background-image":"","background-repeat":"repeat","background-position":"center center","background-size":"auto","background-attachment":"scroll","background-type":"","background-media":"","overlay-type":"","overlay-color":"","overlay-opacity":"","overlay-gradient":""}},"ast-content-background-meta":{"desktop":{"background-color":"var(--ast-global-color-5)","background-image":"","background-repeat":"repeat","background-position":"center center","background-size":"auto","background-attachment":"scroll","background-type":"","background-media":"","overlay-type":"","overlay-color":"","overlay-opacity":"","overlay-gradient":""},"tablet":{"background-color":"var(--ast-global-color-5)","background-image":"","background-repeat":"repeat","background-position":"center center","background-size":"auto","background-attachment":"scroll","background-type":"","background-media":"","overlay-type":"","overlay-color":"","overlay-opacity":"","overlay-gradient":""},"mobile":{"background-color":"var(--ast-global-color-5)","background-image":"","background-repeat":"repeat","background-position":"center center","background-size":"auto","background-attachment":"scroll","background-type":"","background-media":"","overlay-type":"","overlay-color":"","overlay-opacity":"","overlay-gradient":""}}},"product_brand":[],"product_cat":[43],"product_tag":[81,76,82],"class_list":{"0":"post-1301","1":"product","2":"type-product","3":"status-publish","4":"has-post-thumbnail","6":"product_cat-proteccion-pies","7":"product_tag-calzado","8":"product_tag-seguridad","9":"product_tag-zapato","10":"desktop-align-center","11":"tablet-align-center","12":"mobile-align-center","13":"ast-product-gallery-layout-horizontal","14":"ast-product-gallery-with-no-image","15":"ast-product-tabs-layout-horizontal","16":"ast-qv-on-image","18":"first","19":"instock","20":"taxable","21":"shipping-taxable","22":"product-type-simple"},"yoast_head":"<!-- This site is optimized with the Yoast SEO plugin v26.1.1 - https:\/\/yoast.com\/wordpress\/plugins\/seo\/ -->\n<title>MENDI ARION - Epi Center Canarias<\/title>\n<meta name=\"robots\" content=\"index, follow, max-snippet:-1, max-image-preview:large, max-video-preview:-1\" \/>\n<link rel=\"canonical\" href=\"https:\/\/epicentercanarias.com\/en\/producto\/mendi-arion\/\" \/>\n<meta property=\"og:locale\" content=\"en_US\" \/>\n<meta property=\"og:type\" content=\"article\" \/>\n<meta property=\"og:title\" content=\"MENDI ARION - Epi Center Canarias\" \/>\n<meta property=\"og:description\" content=\"Calzado de seguridad con una suela PU fabricada en\u00a0en doble densidad, con inserto de TPU en la zona de enfranque que evita el riesgo de torsi\u00f3n en el pie, tan frecuente en entornos de extremada dureza. Caracter\u00edsticas: Pieles hidrofugadas Puntera termopolim\u00e9rica extra ancha Forros interiores con elevados coeficientes de transpirabilidad Plantilla antiperforaci\u00f3n textil multicapa Marcado [&hellip;]\" \/>\n<meta property=\"og:url\" content=\"https:\/\/epicentercanarias.com\/en\/producto\/mendi-arion\/\" \/>\n<meta property=\"og:site_name\" content=\"Epi Center Canarias\" \/>\n<meta property=\"article:publisher\" content=\"https:\/\/www.facebook.com\/epicentercanariaslaspalmas\" \/>\n<meta property=\"og:image\" content=\"https:\/\/epicentercanarias.com\/wp-content\/uploads\/2019\/12\/Arion-Mendii_Mesa-de-trabajo-1.jpg\" \/>\n\t<meta property=\"og:image:width\" content=\"400\" \/>\n\t<meta property=\"og:image:height\" content=\"400\" \/>\n\t<meta property=\"og:image:type\" content=\"image\/jpeg\" \/>\n<meta name=\"twitter:card\" content=\"summary_large_image\" \/>\n<script type=\"application\/ld+json\" class=\"yoast-schema-graph\">{\"@context\":\"https:\/\/schema.org\",\"@graph\":[{\"@type\":\"WebPage\",\"@id\":\"https:\/\/epicentercanarias.com\/en\/producto\/mendi-arion\/\",\"url\":\"https:\/\/epicentercanarias.com\/en\/producto\/mendi-arion\/\",\"name\":\"MENDI ARION - Epi Center Canarias\",\"isPartOf\":{\"@id\":\"https:\/\/epicentercanarias.com\/en\/#website\"},\"primaryImageOfPage\":{\"@id\":\"https:\/\/epicentercanarias.com\/en\/producto\/mendi-arion\/#primaryimage\"},\"image\":{\"@id\":\"https:\/\/epicentercanarias.com\/en\/producto\/mendi-arion\/#primaryimage\"},\"thumbnailUrl\":\"https:\/\/epicentercanarias.com\/wp-content\/uploads\/2019\/12\/Arion-Mendii_Mesa-de-trabajo-1.jpg\",\"datePublished\":\"2020-02-09T22:12:00+00:00\",\"breadcrumb\":{\"@id\":\"https:\/\/epicentercanarias.com\/en\/producto\/mendi-arion\/#breadcrumb\"},\"inLanguage\":\"en-US\",\"potentialAction\":[{\"@type\":\"ReadAction\",\"target\":[\"https:\/\/epicentercanarias.com\/en\/producto\/mendi-arion\/\"]}]},{\"@type\":\"ImageObject\",\"inLanguage\":\"en-US\",\"@id\":\"https:\/\/epicentercanarias.com\/en\/producto\/mendi-arion\/#primaryimage\",\"url\":\"https:\/\/epicentercanarias.com\/wp-content\/uploads\/2019\/12\/Arion-Mendii_Mesa-de-trabajo-1.jpg\",\"contentUrl\":\"https:\/\/epicentercanarias.com\/wp-content\/uploads\/2019\/12\/Arion-Mendii_Mesa-de-trabajo-1.jpg\",\"width\":400,\"height\":400},{\"@type\":\"BreadcrumbList\",\"@id\":\"https:\/\/epicentercanarias.com\/en\/producto\/mendi-arion\/#breadcrumb\",\"itemListElement\":[{\"@type\":\"ListItem\",\"position\":1,\"name\":\"Portada\",\"item\":\"https:\/\/epicentercanarias.com\/en\/home\/\"},{\"@type\":\"ListItem\",\"position\":2,\"name\":\"Shop\",\"item\":\"https:\/\/epicentercanarias.com\/en\/shop\/\"},{\"@type\":\"ListItem\",\"position\":3,\"name\":\"MENDI ARION\"}]},{\"@type\":\"WebSite\",\"@id\":\"https:\/\/epicentercanarias.com\/en\/#website\",\"url\":\"https:\/\/epicentercanarias.com\/en\/\",\"name\":\"Epi Center Canarias\",\"description\":\"Tienda de suministros y mayorista de equipos de protecci\u00f3n individual\",\"publisher\":{\"@id\":\"https:\/\/epicentercanarias.com\/en\/#organization\"},\"potentialAction\":[{\"@type\":\"SearchAction\",\"target\":{\"@type\":\"EntryPoint\",\"urlTemplate\":\"https:\/\/epicentercanarias.com\/en\/?s={search_term_string}\"},\"query-input\":{\"@type\":\"PropertyValueSpecification\",\"valueRequired\":true,\"valueName\":\"search_term_string\"}}],\"inLanguage\":\"en-US\"},{\"@type\":\"Organization\",\"@id\":\"https:\/\/epicentercanarias.com\/en\/#organization\",\"name\":\"Epi Center Canarias\",\"url\":\"https:\/\/epicentercanarias.com\/en\/\",\"logo\":{\"@type\":\"ImageObject\",\"inLanguage\":\"en-US\",\"@id\":\"https:\/\/epicentercanarias.com\/en\/#\/schema\/logo\/image\/\",\"url\":\"https:\/\/epicentercanarias.com\/wp-content\/uploads\/2020\/01\/Logo-Epicenter-Canarias-amarillo.png\",\"contentUrl\":\"https:\/\/epicentercanarias.com\/wp-content\/uploads\/2020\/01\/Logo-Epicenter-Canarias-amarillo.png\",\"width\":473,\"height\":364,\"caption\":\"Epi Center Canarias\"},\"image\":{\"@id\":\"https:\/\/epicentercanarias.com\/en\/#\/schema\/logo\/image\/\"},\"sameAs\":[\"https:\/\/www.facebook.com\/epicentercanariaslaspalmas\",\"https:\/\/www.instagram.com\/epicentercanarias\/\"]}]}<\/script>\n<!-- \/ Yoast SEO plugin. -->","yoast_head_json":{"title":"MENDI ARION - Epi Center Canarias","robots":{"index":"index","follow":"follow","max-snippet":"max-snippet:-1","max-image-preview":"max-image-preview:large","max-video-preview":"max-video-preview:-1"},"canonical":"https:\/\/epicentercanarias.com\/en\/producto\/mendi-arion\/","og_locale":"en_US","og_type":"article","og_title":"MENDI ARION - Epi Center Canarias","og_description":"Calzado de seguridad con una suela PU fabricada en\u00a0en doble densidad, con inserto de TPU en la zona de enfranque que evita el riesgo de torsi\u00f3n en el pie, tan frecuente en entornos de extremada dureza. Caracter\u00edsticas: Pieles hidrofugadas Puntera termopolim\u00e9rica extra ancha Forros interiores con elevados coeficientes de transpirabilidad Plantilla antiperforaci\u00f3n textil multicapa Marcado [&hellip;]","og_url":"https:\/\/epicentercanarias.com\/en\/producto\/mendi-arion\/","og_site_name":"Epi Center Canarias","article_publisher":"https:\/\/www.facebook.com\/epicentercanariaslaspalmas","og_image":[{"width":400,"height":400,"url":"https:\/\/epicentercanarias.com\/wp-content\/uploads\/2019\/12\/Arion-Mendii_Mesa-de-trabajo-1.jpg","type":"image\/jpeg"}],"twitter_card":"summary_large_image","schema":{"@context":"https:\/\/schema.org","@graph":[{"@type":"WebPage","@id":"https:\/\/epicentercanarias.com\/en\/producto\/mendi-arion\/","url":"https:\/\/epicentercanarias.com\/en\/producto\/mendi-arion\/","name":"MENDI ARION - Epi Center Canarias","isPartOf":{"@id":"https:\/\/epicentercanarias.com\/en\/#website"},"primaryImageOfPage":{"@id":"https:\/\/epicentercanarias.com\/en\/producto\/mendi-arion\/#primaryimage"},"image":{"@id":"https:\/\/epicentercanarias.com\/en\/producto\/mendi-arion\/#primaryimage"},"thumbnailUrl":"https:\/\/epicentercanarias.com\/wp-content\/uploads\/2019\/12\/Arion-Mendii_Mesa-de-trabajo-1.jpg","datePublished":"2020-02-09T22:12:00+00:00","breadcrumb":{"@id":"https:\/\/epicentercanarias.com\/en\/producto\/mendi-arion\/#breadcrumb"},"inLanguage":"en-US","potentialAction":[{"@type":"ReadAction","target":["https:\/\/epicentercanarias.com\/en\/producto\/mendi-arion\/"]}]},{"@type":"ImageObject","inLanguage":"en-US","@id":"https:\/\/epicentercanarias.com\/en\/producto\/mendi-arion\/#primaryimage","url":"https:\/\/epicentercanarias.com\/wp-content\/uploads\/2019\/12\/Arion-Mendii_Mesa-de-trabajo-1.jpg","contentUrl":"https:\/\/epicentercanarias.com\/wp-content\/uploads\/2019\/12\/Arion-Mendii_Mesa-de-trabajo-1.jpg","width":400,"height":400},{"@type":"BreadcrumbList","@id":"https:\/\/epicentercanarias.com\/en\/producto\/mendi-arion\/#breadcrumb","itemListElement":[{"@type":"ListItem","position":1,"name":"Portada","item":"https:\/\/epicentercanarias.com\/en\/home\/"},{"@type":"ListItem","position":2,"name":"Shop","item":"https:\/\/epicentercanarias.com\/en\/shop\/"},{"@type":"ListItem","position":3,"name":"MENDI ARION"}]},{"@type":"WebSite","@id":"https:\/\/epicentercanarias.com\/en\/#website","url":"https:\/\/epicentercanarias.com\/en\/","name":"Epi Center Canarias","description":"Tienda de suministros y mayorista de equipos de protecci\u00f3n individual","publisher":{"@id":"https:\/\/epicentercanarias.com\/en\/#organization"},"potentialAction":[{"@type":"SearchAction","target":{"@type":"EntryPoint","urlTemplate":"https:\/\/epicentercanarias.com\/en\/?s={search_term_string}"},"query-input":{"@type":"PropertyValueSpecification","valueRequired":true,"valueName":"search_term_string"}}],"inLanguage":"en-US"},{"@type":"Organization","@id":"https:\/\/epicentercanarias.com\/en\/#organization","name":"Epi Center Canarias","url":"https:\/\/epicentercanarias.com\/en\/","logo":{"@type":"ImageObject","inLanguage":"en-US","@id":"https:\/\/epicentercanarias.com\/en\/#\/schema\/logo\/image\/","url":"https:\/\/epicentercanarias.com\/wp-content\/uploads\/2020\/01\/Logo-Epicenter-Canarias-amarillo.png","contentUrl":"https:\/\/epicentercanarias.com\/wp-content\/uploads\/2020\/01\/Logo-Epicenter-Canarias-amarillo.png","width":473,"height":364,"caption":"Epi Center Canarias"},"image":{"@id":"https:\/\/epicentercanarias.com\/en\/#\/schema\/logo\/image\/"},"sameAs":["https:\/\/www.facebook.com\/epicentercanariaslaspalmas","https:\/\/www.instagram.com\/epicentercanarias\/"]}]}},"_links":{"self":[{"href":"https:\/\/epicentercanarias.com\/en\/wp-json\/wp\/v2\/product\/1301","targetHints":{"allow":["GET"]}}],"collection":[{"href":"https:\/\/epicentercanarias.com\/en\/wp-json\/wp\/v2\/product"}],"about":[{"href":"https:\/\/epicentercanarias.com\/en\/wp-json\/wp\/v2\/types\/product"}],"version-history":[{"count":0,"href":"https:\/\/epicentercanarias.com\/en\/wp-json\/wp\/v2\/product\/1301\/revisions"}],"wp:featuredmedia":[{"embeddable":true,"href":"https:\/\/epicentercanarias.com\/en\/wp-json\/wp\/v2\/media\/613"}],"wp:attachment":[{"href":"https:\/\/epicentercanarias.com\/en\/wp-json\/wp\/v2\/media?parent=1301"}],"wp:term":[{"taxonomy":"product_brand","embeddable":true,"href":"https:\/\/epicentercanarias.com\/en\/wp-json\/wp\/v2\/product_brand?post=1301"},{"taxonomy":"product_cat","embeddable":true,"href":"https:\/\/epicentercanarias.com\/en\/wp-json\/wp\/v2\/product_cat?post=1301"},{"taxonomy":"product_tag","embeddable":true,"href":"https:\/\/epicentercanarias.com\/en\/wp-json\/wp\/v2\/product_tag?post=1301"}],"curies":[{"name":"wp","href":"https:\/\/api.w.org\/{rel}","templated":true}]}}