{"id":1696,"date":"2020-12-21T11:28:18","date_gmt":"2020-12-21T11:28:18","guid":{"rendered":"https:\/\/epicentercanarias.com\/?post_type=product&#038;p=1696"},"modified":"2020-12-21T11:28:18","modified_gmt":"2020-12-21T11:28:18","slug":"f477-polo-iona","status":"publish","type":"product","link":"https:\/\/epicentercanarias.com\/en\/producto\/f477-polo-iona\/","title":{"rendered":"F477 &#8211; Polo Iona"},"content":{"rendered":"<p>Este moderno polo incorpora cinta reflectante para hacer m\u00e1s visible al usuario. El confortable tejido cuenta con la facultad de retirar r\u00e1pidamente la humedad del cuerpo. Ideal para condiciones calurosas.<\/p>\n<p>Disponible en varios colores: negro y azul marino.<\/p>\n<p>Caracter\u00edsticas:<\/p>\n<li>Tejido clasificado UPF 50+ que bloquea el 98% de los rayos UV<\/li>\n<li>Dise\u00f1o con hechura c\u00f3moda<\/li>\n<li>Abertura por plaqueta con botones<\/li>\n<p><a href=\"https:\/\/epicentercanarias.com\/wp-content\/uploads\/2020\/12\/F477-COLOR-AZUL-M.-NEGRO.pdf\" rel=\"noopener\" target=\"_blank\">Descargar ficha t\u00e9cnica<\/a><\/p>\n","protected":false},"excerpt":{"rendered":"<p>Este moderno polo incorpora cinta reflectante para hacer m\u00e1s visible al usuario. El confortable tejido cuenta con la facultad de retirar r\u00e1pidamente la humedad del cuerpo. Ideal para condiciones calurosas. Disponible en varios colores: negro y azul marino. Caracter\u00edsticas: Tejido clasificado UPF 50+ que bloquea el 98% de los rayos UV Dise\u00f1o con hechura c\u00f3moda [&hellip;]<\/p>\n","protected":false},"featured_media":1669,"template":"","meta":{"_uf_show_specific_survey":0,"_uf_disable_surveys":false,"site-sidebar-layout":"default","site-content-layout":"","ast-site-content-layout":"default","site-content-style":"default","site-sidebar-style":"default","ast-global-header-display":"","ast-banner-title-visibility":"","ast-main-header-display":"","ast-hfb-above-header-display":"","ast-hfb-below-header-display":"","ast-hfb-mobile-header-display":"","site-post-title":"","ast-breadcrumbs-content":"","ast-featured-img":"","footer-sml-layout":"","theme-transparent-header-meta":"","adv-header-id-meta":"","stick-header-meta":"","header-above-stick-meta":"","header-main-stick-meta":"","header-below-stick-meta":"","astra-migrate-meta-layouts":"default","ast-page-background-enabled":"default","ast-page-background-meta":{"desktop":{"background-color":"","background-image":"","background-repeat":"repeat","background-position":"center center","background-size":"auto","background-attachment":"scroll","background-type":"","background-media":"","overlay-type":"","overlay-color":"","overlay-opacity":"","overlay-gradient":""},"tablet":{"background-color":"","background-image":"","background-repeat":"repeat","background-position":"center center","background-size":"auto","background-attachment":"scroll","background-type":"","background-media":"","overlay-type":"","overlay-color":"","overlay-opacity":"","overlay-gradient":""},"mobile":{"background-color":"","background-image":"","background-repeat":"repeat","background-position":"center center","background-size":"auto","background-attachment":"scroll","background-type":"","background-media":"","overlay-type":"","overlay-color":"","overlay-opacity":"","overlay-gradient":""}},"ast-content-background-meta":{"desktop":{"background-color":"var(--ast-global-color-5)","background-image":"","background-repeat":"repeat","background-position":"center center","background-size":"auto","background-attachment":"scroll","background-type":"","background-media":"","overlay-type":"","overlay-color":"","overlay-opacity":"","overlay-gradient":""},"tablet":{"background-color":"var(--ast-global-color-5)","background-image":"","background-repeat":"repeat","background-position":"center center","background-size":"auto","background-attachment":"scroll","background-type":"","background-media":"","overlay-type":"","overlay-color":"","overlay-opacity":"","overlay-gradient":""},"mobile":{"background-color":"var(--ast-global-color-5)","background-image":"","background-repeat":"repeat","background-position":"center center","background-size":"auto","background-attachment":"scroll","background-type":"","background-media":"","overlay-type":"","overlay-color":"","overlay-opacity":"","overlay-gradient":""}}},"product_brand":[],"product_cat":[44],"product_tag":[93,89,76,90],"class_list":{"0":"post-1696","1":"product","2":"type-product","3":"status-publish","4":"has-post-thumbnail","6":"product_cat-ropa-laboral","7":"product_tag-polo","8":"product_tag-prenda","9":"product_tag-seguridad","10":"product_tag-vestuariolaboral","11":"desktop-align-center","12":"tablet-align-center","13":"mobile-align-center","14":"ast-product-gallery-layout-horizontal","15":"ast-product-tabs-layout-horizontal","16":"ast-qv-on-image","18":"first","19":"instock","20":"taxable","21":"shipping-taxable","22":"product-type-simple"},"yoast_head":"<!-- This site is optimized with the Yoast SEO plugin v26.1.1 - https:\/\/yoast.com\/wordpress\/plugins\/seo\/ -->\n<title>F477 - Polo Iona - Epi Center Canarias<\/title>\n<meta name=\"robots\" content=\"index, follow, max-snippet:-1, max-image-preview:large, max-video-preview:-1\" \/>\n<link rel=\"canonical\" href=\"https:\/\/epicentercanarias.com\/en\/producto\/f477-polo-iona\/\" \/>\n<meta property=\"og:locale\" content=\"en_US\" \/>\n<meta property=\"og:type\" content=\"article\" \/>\n<meta property=\"og:title\" content=\"F477 - Polo Iona - Epi Center Canarias\" \/>\n<meta property=\"og:description\" content=\"Este moderno polo incorpora cinta reflectante para hacer m\u00e1s visible al usuario. El confortable tejido cuenta con la facultad de retirar r\u00e1pidamente la humedad del cuerpo. Ideal para condiciones calurosas. Disponible en varios colores: negro y azul marino. Caracter\u00edsticas: Tejido clasificado UPF 50+ que bloquea el 98% de los rayos UV Dise\u00f1o con hechura c\u00f3moda [&hellip;]\" \/>\n<meta property=\"og:url\" content=\"https:\/\/epicentercanarias.com\/en\/producto\/f477-polo-iona\/\" \/>\n<meta property=\"og:site_name\" content=\"Epi Center Canarias\" \/>\n<meta property=\"article:publisher\" content=\"https:\/\/www.facebook.com\/epicentercanariaslaspalmas\" \/>\n<meta property=\"og:image\" content=\"https:\/\/epicentercanarias.com\/wp-content\/uploads\/2020\/12\/F477-BLA.jpg\" \/>\n\t<meta property=\"og:image:width\" content=\"400\" \/>\n\t<meta property=\"og:image:height\" content=\"400\" \/>\n\t<meta property=\"og:image:type\" content=\"image\/jpeg\" \/>\n<meta name=\"twitter:card\" content=\"summary_large_image\" \/>\n<script type=\"application\/ld+json\" class=\"yoast-schema-graph\">{\"@context\":\"https:\/\/schema.org\",\"@graph\":[{\"@type\":\"WebPage\",\"@id\":\"https:\/\/epicentercanarias.com\/en\/producto\/f477-polo-iona\/\",\"url\":\"https:\/\/epicentercanarias.com\/en\/producto\/f477-polo-iona\/\",\"name\":\"F477 - Polo Iona - Epi Center Canarias\",\"isPartOf\":{\"@id\":\"https:\/\/epicentercanarias.com\/en\/#website\"},\"primaryImageOfPage\":{\"@id\":\"https:\/\/epicentercanarias.com\/en\/producto\/f477-polo-iona\/#primaryimage\"},\"image\":{\"@id\":\"https:\/\/epicentercanarias.com\/en\/producto\/f477-polo-iona\/#primaryimage\"},\"thumbnailUrl\":\"https:\/\/epicentercanarias.com\/wp-content\/uploads\/2020\/12\/F477-BLA.jpg\",\"datePublished\":\"2020-12-21T11:28:18+00:00\",\"breadcrumb\":{\"@id\":\"https:\/\/epicentercanarias.com\/en\/producto\/f477-polo-iona\/#breadcrumb\"},\"inLanguage\":\"en-US\",\"potentialAction\":[{\"@type\":\"ReadAction\",\"target\":[\"https:\/\/epicentercanarias.com\/en\/producto\/f477-polo-iona\/\"]}]},{\"@type\":\"ImageObject\",\"inLanguage\":\"en-US\",\"@id\":\"https:\/\/epicentercanarias.com\/en\/producto\/f477-polo-iona\/#primaryimage\",\"url\":\"https:\/\/epicentercanarias.com\/wp-content\/uploads\/2020\/12\/F477-BLA.jpg\",\"contentUrl\":\"https:\/\/epicentercanarias.com\/wp-content\/uploads\/2020\/12\/F477-BLA.jpg\",\"width\":400,\"height\":400},{\"@type\":\"BreadcrumbList\",\"@id\":\"https:\/\/epicentercanarias.com\/en\/producto\/f477-polo-iona\/#breadcrumb\",\"itemListElement\":[{\"@type\":\"ListItem\",\"position\":1,\"name\":\"Portada\",\"item\":\"https:\/\/epicentercanarias.com\/en\/home\/\"},{\"@type\":\"ListItem\",\"position\":2,\"name\":\"Shop\",\"item\":\"https:\/\/epicentercanarias.com\/en\/shop\/\"},{\"@type\":\"ListItem\",\"position\":3,\"name\":\"F477 &#8211; Polo Iona\"}]},{\"@type\":\"WebSite\",\"@id\":\"https:\/\/epicentercanarias.com\/en\/#website\",\"url\":\"https:\/\/epicentercanarias.com\/en\/\",\"name\":\"Epi Center Canarias\",\"description\":\"Tienda de suministros y mayorista de equipos de protecci\u00f3n individual\",\"publisher\":{\"@id\":\"https:\/\/epicentercanarias.com\/en\/#organization\"},\"potentialAction\":[{\"@type\":\"SearchAction\",\"target\":{\"@type\":\"EntryPoint\",\"urlTemplate\":\"https:\/\/epicentercanarias.com\/en\/?s={search_term_string}\"},\"query-input\":{\"@type\":\"PropertyValueSpecification\",\"valueRequired\":true,\"valueName\":\"search_term_string\"}}],\"inLanguage\":\"en-US\"},{\"@type\":\"Organization\",\"@id\":\"https:\/\/epicentercanarias.com\/en\/#organization\",\"name\":\"Epi Center Canarias\",\"url\":\"https:\/\/epicentercanarias.com\/en\/\",\"logo\":{\"@type\":\"ImageObject\",\"inLanguage\":\"en-US\",\"@id\":\"https:\/\/epicentercanarias.com\/en\/#\/schema\/logo\/image\/\",\"url\":\"https:\/\/epicentercanarias.com\/wp-content\/uploads\/2020\/01\/Logo-Epicenter-Canarias-amarillo.png\",\"contentUrl\":\"https:\/\/epicentercanarias.com\/wp-content\/uploads\/2020\/01\/Logo-Epicenter-Canarias-amarillo.png\",\"width\":473,\"height\":364,\"caption\":\"Epi Center Canarias\"},\"image\":{\"@id\":\"https:\/\/epicentercanarias.com\/en\/#\/schema\/logo\/image\/\"},\"sameAs\":[\"https:\/\/www.facebook.com\/epicentercanariaslaspalmas\",\"https:\/\/www.instagram.com\/epicentercanarias\/\"]}]}<\/script>\n<!-- \/ Yoast SEO plugin. -->","yoast_head_json":{"title":"F477 - Polo Iona - Epi Center Canarias","robots":{"index":"index","follow":"follow","max-snippet":"max-snippet:-1","max-image-preview":"max-image-preview:large","max-video-preview":"max-video-preview:-1"},"canonical":"https:\/\/epicentercanarias.com\/en\/producto\/f477-polo-iona\/","og_locale":"en_US","og_type":"article","og_title":"F477 - Polo Iona - Epi Center Canarias","og_description":"Este moderno polo incorpora cinta reflectante para hacer m\u00e1s visible al usuario. El confortable tejido cuenta con la facultad de retirar r\u00e1pidamente la humedad del cuerpo. Ideal para condiciones calurosas. Disponible en varios colores: negro y azul marino. Caracter\u00edsticas: Tejido clasificado UPF 50+ que bloquea el 98% de los rayos UV Dise\u00f1o con hechura c\u00f3moda [&hellip;]","og_url":"https:\/\/epicentercanarias.com\/en\/producto\/f477-polo-iona\/","og_site_name":"Epi Center Canarias","article_publisher":"https:\/\/www.facebook.com\/epicentercanariaslaspalmas","og_image":[{"width":400,"height":400,"url":"https:\/\/epicentercanarias.com\/wp-content\/uploads\/2020\/12\/F477-BLA.jpg","type":"image\/jpeg"}],"twitter_card":"summary_large_image","schema":{"@context":"https:\/\/schema.org","@graph":[{"@type":"WebPage","@id":"https:\/\/epicentercanarias.com\/en\/producto\/f477-polo-iona\/","url":"https:\/\/epicentercanarias.com\/en\/producto\/f477-polo-iona\/","name":"F477 - Polo Iona - Epi Center Canarias","isPartOf":{"@id":"https:\/\/epicentercanarias.com\/en\/#website"},"primaryImageOfPage":{"@id":"https:\/\/epicentercanarias.com\/en\/producto\/f477-polo-iona\/#primaryimage"},"image":{"@id":"https:\/\/epicentercanarias.com\/en\/producto\/f477-polo-iona\/#primaryimage"},"thumbnailUrl":"https:\/\/epicentercanarias.com\/wp-content\/uploads\/2020\/12\/F477-BLA.jpg","datePublished":"2020-12-21T11:28:18+00:00","breadcrumb":{"@id":"https:\/\/epicentercanarias.com\/en\/producto\/f477-polo-iona\/#breadcrumb"},"inLanguage":"en-US","potentialAction":[{"@type":"ReadAction","target":["https:\/\/epicentercanarias.com\/en\/producto\/f477-polo-iona\/"]}]},{"@type":"ImageObject","inLanguage":"en-US","@id":"https:\/\/epicentercanarias.com\/en\/producto\/f477-polo-iona\/#primaryimage","url":"https:\/\/epicentercanarias.com\/wp-content\/uploads\/2020\/12\/F477-BLA.jpg","contentUrl":"https:\/\/epicentercanarias.com\/wp-content\/uploads\/2020\/12\/F477-BLA.jpg","width":400,"height":400},{"@type":"BreadcrumbList","@id":"https:\/\/epicentercanarias.com\/en\/producto\/f477-polo-iona\/#breadcrumb","itemListElement":[{"@type":"ListItem","position":1,"name":"Portada","item":"https:\/\/epicentercanarias.com\/en\/home\/"},{"@type":"ListItem","position":2,"name":"Shop","item":"https:\/\/epicentercanarias.com\/en\/shop\/"},{"@type":"ListItem","position":3,"name":"F477 &#8211; Polo Iona"}]},{"@type":"WebSite","@id":"https:\/\/epicentercanarias.com\/en\/#website","url":"https:\/\/epicentercanarias.com\/en\/","name":"Epi Center Canarias","description":"Tienda de suministros y mayorista de equipos de protecci\u00f3n individual","publisher":{"@id":"https:\/\/epicentercanarias.com\/en\/#organization"},"potentialAction":[{"@type":"SearchAction","target":{"@type":"EntryPoint","urlTemplate":"https:\/\/epicentercanarias.com\/en\/?s={search_term_string}"},"query-input":{"@type":"PropertyValueSpecification","valueRequired":true,"valueName":"search_term_string"}}],"inLanguage":"en-US"},{"@type":"Organization","@id":"https:\/\/epicentercanarias.com\/en\/#organization","name":"Epi Center Canarias","url":"https:\/\/epicentercanarias.com\/en\/","logo":{"@type":"ImageObject","inLanguage":"en-US","@id":"https:\/\/epicentercanarias.com\/en\/#\/schema\/logo\/image\/","url":"https:\/\/epicentercanarias.com\/wp-content\/uploads\/2020\/01\/Logo-Epicenter-Canarias-amarillo.png","contentUrl":"https:\/\/epicentercanarias.com\/wp-content\/uploads\/2020\/01\/Logo-Epicenter-Canarias-amarillo.png","width":473,"height":364,"caption":"Epi Center Canarias"},"image":{"@id":"https:\/\/epicentercanarias.com\/en\/#\/schema\/logo\/image\/"},"sameAs":["https:\/\/www.facebook.com\/epicentercanariaslaspalmas","https:\/\/www.instagram.com\/epicentercanarias\/"]}]}},"_links":{"self":[{"href":"https:\/\/epicentercanarias.com\/en\/wp-json\/wp\/v2\/product\/1696","targetHints":{"allow":["GET"]}}],"collection":[{"href":"https:\/\/epicentercanarias.com\/en\/wp-json\/wp\/v2\/product"}],"about":[{"href":"https:\/\/epicentercanarias.com\/en\/wp-json\/wp\/v2\/types\/product"}],"version-history":[{"count":0,"href":"https:\/\/epicentercanarias.com\/en\/wp-json\/wp\/v2\/product\/1696\/revisions"}],"wp:featuredmedia":[{"embeddable":true,"href":"https:\/\/epicentercanarias.com\/en\/wp-json\/wp\/v2\/media\/1669"}],"wp:attachment":[{"href":"https:\/\/epicentercanarias.com\/en\/wp-json\/wp\/v2\/media?parent=1696"}],"wp:term":[{"taxonomy":"product_brand","embeddable":true,"href":"https:\/\/epicentercanarias.com\/en\/wp-json\/wp\/v2\/product_brand?post=1696"},{"taxonomy":"product_cat","embeddable":true,"href":"https:\/\/epicentercanarias.com\/en\/wp-json\/wp\/v2\/product_cat?post=1696"},{"taxonomy":"product_tag","embeddable":true,"href":"https:\/\/epicentercanarias.com\/en\/wp-json\/wp\/v2\/product_tag?post=1696"}],"curies":[{"name":"wp","href":"https:\/\/api.w.org\/{rel}","templated":true}]}}