{"id":1815,"date":"2020-12-27T04:23:11","date_gmt":"2020-12-27T04:23:11","guid":{"rendered":"https:\/\/epicentercanarias.com\/?post_type=product&#038;p=1815"},"modified":"2020-12-27T04:23:11","modified_gmt":"2020-12-27T04:23:11","slug":"f301-polar-bicolor","status":"publish","type":"product","link":"https:\/\/epicentercanarias.com\/en\/producto\/f301-polar-bicolor\/","title":{"rendered":"F301 &#8211; Polar bicolor de alta visibilidad"},"content":{"rendered":"<p>Con dise\u00f1o cl\u00e1sico, la hechura del F301 es relajada y las tallas generosas. Totalmente certificado seg\u00fan la norma EN ISO 20471 en clase 3, tiene un acabado anti-bolitas que asegura que \u00e9stas no se formen evitando una fea apariencia y manteniendo el buen aspecto del polar. El modelo bicolor naranja\/azul marino cumple con la norma RIS 3279 para el ferrocarril.<\/p>\n<p>Disponible en varios colores: amarillo y naranja.<\/p>\n<p>Caracter\u00edsticas:<\/p>\n<ul>\n<li>Duradero tejido de forro polar que no forma bolitas<\/li>\n<li>Paneles en contraste para proteger contra la suciedad<\/li>\n<li>Dise\u00f1o con hechura c\u00f3moda<\/li>\n<\/ul>\n<p><a href=\"https:\/\/epicentercanarias.com\/wp-content\/uploads\/2020\/12\/F301-COLOR-NARANJA-AMARILLO.pdf\" rel=\"noopener\" target=\"_blank\">Descargar ficha t\u00e9cnica<\/a><\/p>\n","protected":false},"excerpt":{"rendered":"<p>Con dise\u00f1o cl\u00e1sico, la hechura del F301 es relajada y las tallas generosas. Totalmente certificado seg\u00fan la norma EN ISO 20471 en clase 3, tiene un acabado anti-bolitas que asegura que \u00e9stas no se formen evitando una fea apariencia y manteniendo el buen aspecto del polar. El modelo bicolor naranja\/azul marino cumple con la norma [&hellip;]<\/p>\n","protected":false},"featured_media":1740,"template":"","meta":{"_uf_show_specific_survey":0,"_uf_disable_surveys":false,"site-sidebar-layout":"default","site-content-layout":"","ast-site-content-layout":"default","site-content-style":"default","site-sidebar-style":"default","ast-global-header-display":"","ast-banner-title-visibility":"","ast-main-header-display":"","ast-hfb-above-header-display":"","ast-hfb-below-header-display":"","ast-hfb-mobile-header-display":"","site-post-title":"","ast-breadcrumbs-content":"","ast-featured-img":"","footer-sml-layout":"","theme-transparent-header-meta":"","adv-header-id-meta":"","stick-header-meta":"","header-above-stick-meta":"","header-main-stick-meta":"","header-below-stick-meta":"","astra-migrate-meta-layouts":"default","ast-page-background-enabled":"default","ast-page-background-meta":{"desktop":{"background-color":"","background-image":"","background-repeat":"repeat","background-position":"center center","background-size":"auto","background-attachment":"scroll","background-type":"","background-media":"","overlay-type":"","overlay-color":"","overlay-opacity":"","overlay-gradient":""},"tablet":{"background-color":"","background-image":"","background-repeat":"repeat","background-position":"center center","background-size":"auto","background-attachment":"scroll","background-type":"","background-media":"","overlay-type":"","overlay-color":"","overlay-opacity":"","overlay-gradient":""},"mobile":{"background-color":"","background-image":"","background-repeat":"repeat","background-position":"center center","background-size":"auto","background-attachment":"scroll","background-type":"","background-media":"","overlay-type":"","overlay-color":"","overlay-opacity":"","overlay-gradient":""}},"ast-content-background-meta":{"desktop":{"background-color":"var(--ast-global-color-5)","background-image":"","background-repeat":"repeat","background-position":"center center","background-size":"auto","background-attachment":"scroll","background-type":"","background-media":"","overlay-type":"","overlay-color":"","overlay-opacity":"","overlay-gradient":""},"tablet":{"background-color":"var(--ast-global-color-5)","background-image":"","background-repeat":"repeat","background-position":"center center","background-size":"auto","background-attachment":"scroll","background-type":"","background-media":"","overlay-type":"","overlay-color":"","overlay-opacity":"","overlay-gradient":""},"mobile":{"background-color":"var(--ast-global-color-5)","background-image":"","background-repeat":"repeat","background-position":"center center","background-size":"auto","background-attachment":"scroll","background-type":"","background-media":"","overlay-type":"","overlay-color":"","overlay-opacity":"","overlay-gradient":""}}},"product_brand":[],"product_cat":[44],"product_tag":[92,114,90],"class_list":{"0":"post-1815","1":"product","2":"type-product","3":"status-publish","4":"has-post-thumbnail","6":"product_cat-ropa-laboral","7":"product_tag-chaqueta","8":"product_tag-polar","9":"product_tag-vestuariolaboral","10":"desktop-align-center","11":"tablet-align-center","12":"mobile-align-center","13":"ast-product-gallery-layout-horizontal","14":"ast-product-tabs-layout-horizontal","15":"ast-qv-on-image","17":"first","18":"instock","19":"taxable","20":"shipping-taxable","21":"product-type-simple"},"yoast_head":"<!-- This site is optimized with the Yoast SEO plugin v26.1.1 - https:\/\/yoast.com\/wordpress\/plugins\/seo\/ -->\n<title>F301 - Polar bicolor de alta visibilidad - Epi Center Canarias<\/title>\n<meta name=\"robots\" content=\"index, follow, max-snippet:-1, max-image-preview:large, max-video-preview:-1\" \/>\n<link rel=\"canonical\" href=\"https:\/\/epicentercanarias.com\/en\/producto\/f301-polar-bicolor\/\" \/>\n<meta property=\"og:locale\" content=\"en_US\" \/>\n<meta property=\"og:type\" content=\"article\" \/>\n<meta property=\"og:title\" content=\"F301 - Polar bicolor de alta visibilidad - Epi Center Canarias\" \/>\n<meta property=\"og:description\" content=\"Con dise\u00f1o cl\u00e1sico, la hechura del F301 es relajada y las tallas generosas. Totalmente certificado seg\u00fan la norma EN ISO 20471 en clase 3, tiene un acabado anti-bolitas que asegura que \u00e9stas no se formen evitando una fea apariencia y manteniendo el buen aspecto del polar. El modelo bicolor naranja\/azul marino cumple con la norma [&hellip;]\" \/>\n<meta property=\"og:url\" content=\"https:\/\/epicentercanarias.com\/en\/producto\/f301-polar-bicolor\/\" \/>\n<meta property=\"og:site_name\" content=\"Epi Center Canarias\" \/>\n<meta property=\"article:publisher\" content=\"https:\/\/www.facebook.com\/epicentercanariaslaspalmas\" \/>\n<meta property=\"og:image\" content=\"https:\/\/epicentercanarias.com\/wp-content\/uploads\/2020\/12\/F301-Orange.jpg\" \/>\n\t<meta property=\"og:image:width\" content=\"400\" \/>\n\t<meta property=\"og:image:height\" content=\"400\" \/>\n\t<meta property=\"og:image:type\" content=\"image\/jpeg\" \/>\n<meta name=\"twitter:card\" content=\"summary_large_image\" \/>\n<script type=\"application\/ld+json\" class=\"yoast-schema-graph\">{\"@context\":\"https:\/\/schema.org\",\"@graph\":[{\"@type\":\"WebPage\",\"@id\":\"https:\/\/epicentercanarias.com\/en\/producto\/f301-polar-bicolor\/\",\"url\":\"https:\/\/epicentercanarias.com\/en\/producto\/f301-polar-bicolor\/\",\"name\":\"F301 - Polar bicolor de alta visibilidad - Epi Center Canarias\",\"isPartOf\":{\"@id\":\"https:\/\/epicentercanarias.com\/en\/#website\"},\"primaryImageOfPage\":{\"@id\":\"https:\/\/epicentercanarias.com\/en\/producto\/f301-polar-bicolor\/#primaryimage\"},\"image\":{\"@id\":\"https:\/\/epicentercanarias.com\/en\/producto\/f301-polar-bicolor\/#primaryimage\"},\"thumbnailUrl\":\"https:\/\/epicentercanarias.com\/wp-content\/uploads\/2020\/12\/F301-Orange.jpg\",\"datePublished\":\"2020-12-27T04:23:11+00:00\",\"breadcrumb\":{\"@id\":\"https:\/\/epicentercanarias.com\/en\/producto\/f301-polar-bicolor\/#breadcrumb\"},\"inLanguage\":\"en-US\",\"potentialAction\":[{\"@type\":\"ReadAction\",\"target\":[\"https:\/\/epicentercanarias.com\/en\/producto\/f301-polar-bicolor\/\"]}]},{\"@type\":\"ImageObject\",\"inLanguage\":\"en-US\",\"@id\":\"https:\/\/epicentercanarias.com\/en\/producto\/f301-polar-bicolor\/#primaryimage\",\"url\":\"https:\/\/epicentercanarias.com\/wp-content\/uploads\/2020\/12\/F301-Orange.jpg\",\"contentUrl\":\"https:\/\/epicentercanarias.com\/wp-content\/uploads\/2020\/12\/F301-Orange.jpg\",\"width\":400,\"height\":400},{\"@type\":\"BreadcrumbList\",\"@id\":\"https:\/\/epicentercanarias.com\/en\/producto\/f301-polar-bicolor\/#breadcrumb\",\"itemListElement\":[{\"@type\":\"ListItem\",\"position\":1,\"name\":\"Portada\",\"item\":\"https:\/\/epicentercanarias.com\/en\/home\/\"},{\"@type\":\"ListItem\",\"position\":2,\"name\":\"Shop\",\"item\":\"https:\/\/epicentercanarias.com\/en\/shop\/\"},{\"@type\":\"ListItem\",\"position\":3,\"name\":\"F301 &#8211; Polar bicolor de alta visibilidad\"}]},{\"@type\":\"WebSite\",\"@id\":\"https:\/\/epicentercanarias.com\/en\/#website\",\"url\":\"https:\/\/epicentercanarias.com\/en\/\",\"name\":\"Epi Center Canarias\",\"description\":\"Tienda de suministros y mayorista de equipos de protecci\u00f3n individual\",\"publisher\":{\"@id\":\"https:\/\/epicentercanarias.com\/en\/#organization\"},\"potentialAction\":[{\"@type\":\"SearchAction\",\"target\":{\"@type\":\"EntryPoint\",\"urlTemplate\":\"https:\/\/epicentercanarias.com\/en\/?s={search_term_string}\"},\"query-input\":{\"@type\":\"PropertyValueSpecification\",\"valueRequired\":true,\"valueName\":\"search_term_string\"}}],\"inLanguage\":\"en-US\"},{\"@type\":\"Organization\",\"@id\":\"https:\/\/epicentercanarias.com\/en\/#organization\",\"name\":\"Epi Center Canarias\",\"url\":\"https:\/\/epicentercanarias.com\/en\/\",\"logo\":{\"@type\":\"ImageObject\",\"inLanguage\":\"en-US\",\"@id\":\"https:\/\/epicentercanarias.com\/en\/#\/schema\/logo\/image\/\",\"url\":\"https:\/\/epicentercanarias.com\/wp-content\/uploads\/2020\/01\/Logo-Epicenter-Canarias-amarillo.png\",\"contentUrl\":\"https:\/\/epicentercanarias.com\/wp-content\/uploads\/2020\/01\/Logo-Epicenter-Canarias-amarillo.png\",\"width\":473,\"height\":364,\"caption\":\"Epi Center Canarias\"},\"image\":{\"@id\":\"https:\/\/epicentercanarias.com\/en\/#\/schema\/logo\/image\/\"},\"sameAs\":[\"https:\/\/www.facebook.com\/epicentercanariaslaspalmas\",\"https:\/\/www.instagram.com\/epicentercanarias\/\"]}]}<\/script>\n<!-- \/ Yoast SEO plugin. -->","yoast_head_json":{"title":"F301 - Polar bicolor de alta visibilidad - Epi Center Canarias","robots":{"index":"index","follow":"follow","max-snippet":"max-snippet:-1","max-image-preview":"max-image-preview:large","max-video-preview":"max-video-preview:-1"},"canonical":"https:\/\/epicentercanarias.com\/en\/producto\/f301-polar-bicolor\/","og_locale":"en_US","og_type":"article","og_title":"F301 - Polar bicolor de alta visibilidad - Epi Center Canarias","og_description":"Con dise\u00f1o cl\u00e1sico, la hechura del F301 es relajada y las tallas generosas. Totalmente certificado seg\u00fan la norma EN ISO 20471 en clase 3, tiene un acabado anti-bolitas que asegura que \u00e9stas no se formen evitando una fea apariencia y manteniendo el buen aspecto del polar. El modelo bicolor naranja\/azul marino cumple con la norma [&hellip;]","og_url":"https:\/\/epicentercanarias.com\/en\/producto\/f301-polar-bicolor\/","og_site_name":"Epi Center Canarias","article_publisher":"https:\/\/www.facebook.com\/epicentercanariaslaspalmas","og_image":[{"width":400,"height":400,"url":"https:\/\/epicentercanarias.com\/wp-content\/uploads\/2020\/12\/F301-Orange.jpg","type":"image\/jpeg"}],"twitter_card":"summary_large_image","schema":{"@context":"https:\/\/schema.org","@graph":[{"@type":"WebPage","@id":"https:\/\/epicentercanarias.com\/en\/producto\/f301-polar-bicolor\/","url":"https:\/\/epicentercanarias.com\/en\/producto\/f301-polar-bicolor\/","name":"F301 - Polar bicolor de alta visibilidad - Epi Center Canarias","isPartOf":{"@id":"https:\/\/epicentercanarias.com\/en\/#website"},"primaryImageOfPage":{"@id":"https:\/\/epicentercanarias.com\/en\/producto\/f301-polar-bicolor\/#primaryimage"},"image":{"@id":"https:\/\/epicentercanarias.com\/en\/producto\/f301-polar-bicolor\/#primaryimage"},"thumbnailUrl":"https:\/\/epicentercanarias.com\/wp-content\/uploads\/2020\/12\/F301-Orange.jpg","datePublished":"2020-12-27T04:23:11+00:00","breadcrumb":{"@id":"https:\/\/epicentercanarias.com\/en\/producto\/f301-polar-bicolor\/#breadcrumb"},"inLanguage":"en-US","potentialAction":[{"@type":"ReadAction","target":["https:\/\/epicentercanarias.com\/en\/producto\/f301-polar-bicolor\/"]}]},{"@type":"ImageObject","inLanguage":"en-US","@id":"https:\/\/epicentercanarias.com\/en\/producto\/f301-polar-bicolor\/#primaryimage","url":"https:\/\/epicentercanarias.com\/wp-content\/uploads\/2020\/12\/F301-Orange.jpg","contentUrl":"https:\/\/epicentercanarias.com\/wp-content\/uploads\/2020\/12\/F301-Orange.jpg","width":400,"height":400},{"@type":"BreadcrumbList","@id":"https:\/\/epicentercanarias.com\/en\/producto\/f301-polar-bicolor\/#breadcrumb","itemListElement":[{"@type":"ListItem","position":1,"name":"Portada","item":"https:\/\/epicentercanarias.com\/en\/home\/"},{"@type":"ListItem","position":2,"name":"Shop","item":"https:\/\/epicentercanarias.com\/en\/shop\/"},{"@type":"ListItem","position":3,"name":"F301 &#8211; Polar bicolor de alta visibilidad"}]},{"@type":"WebSite","@id":"https:\/\/epicentercanarias.com\/en\/#website","url":"https:\/\/epicentercanarias.com\/en\/","name":"Epi Center Canarias","description":"Tienda de suministros y mayorista de equipos de protecci\u00f3n individual","publisher":{"@id":"https:\/\/epicentercanarias.com\/en\/#organization"},"potentialAction":[{"@type":"SearchAction","target":{"@type":"EntryPoint","urlTemplate":"https:\/\/epicentercanarias.com\/en\/?s={search_term_string}"},"query-input":{"@type":"PropertyValueSpecification","valueRequired":true,"valueName":"search_term_string"}}],"inLanguage":"en-US"},{"@type":"Organization","@id":"https:\/\/epicentercanarias.com\/en\/#organization","name":"Epi Center Canarias","url":"https:\/\/epicentercanarias.com\/en\/","logo":{"@type":"ImageObject","inLanguage":"en-US","@id":"https:\/\/epicentercanarias.com\/en\/#\/schema\/logo\/image\/","url":"https:\/\/epicentercanarias.com\/wp-content\/uploads\/2020\/01\/Logo-Epicenter-Canarias-amarillo.png","contentUrl":"https:\/\/epicentercanarias.com\/wp-content\/uploads\/2020\/01\/Logo-Epicenter-Canarias-amarillo.png","width":473,"height":364,"caption":"Epi Center Canarias"},"image":{"@id":"https:\/\/epicentercanarias.com\/en\/#\/schema\/logo\/image\/"},"sameAs":["https:\/\/www.facebook.com\/epicentercanariaslaspalmas","https:\/\/www.instagram.com\/epicentercanarias\/"]}]}},"_links":{"self":[{"href":"https:\/\/epicentercanarias.com\/en\/wp-json\/wp\/v2\/product\/1815","targetHints":{"allow":["GET"]}}],"collection":[{"href":"https:\/\/epicentercanarias.com\/en\/wp-json\/wp\/v2\/product"}],"about":[{"href":"https:\/\/epicentercanarias.com\/en\/wp-json\/wp\/v2\/types\/product"}],"version-history":[{"count":0,"href":"https:\/\/epicentercanarias.com\/en\/wp-json\/wp\/v2\/product\/1815\/revisions"}],"wp:featuredmedia":[{"embeddable":true,"href":"https:\/\/epicentercanarias.com\/en\/wp-json\/wp\/v2\/media\/1740"}],"wp:attachment":[{"href":"https:\/\/epicentercanarias.com\/en\/wp-json\/wp\/v2\/media?parent=1815"}],"wp:term":[{"taxonomy":"product_brand","embeddable":true,"href":"https:\/\/epicentercanarias.com\/en\/wp-json\/wp\/v2\/product_brand?post=1815"},{"taxonomy":"product_cat","embeddable":true,"href":"https:\/\/epicentercanarias.com\/en\/wp-json\/wp\/v2\/product_cat?post=1815"},{"taxonomy":"product_tag","embeddable":true,"href":"https:\/\/epicentercanarias.com\/en\/wp-json\/wp\/v2\/product_tag?post=1815"}],"curies":[{"name":"wp","href":"https:\/\/api.w.org\/{rel}","templated":true}]}}