{"id":2016,"date":"2020-12-27T09:26:29","date_gmt":"2020-12-27T09:26:29","guid":{"rendered":"https:\/\/epicentercanarias.com\/?post_type=product&#038;p=2016"},"modified":"2025-02-13T11:59:12","modified_gmt":"2025-02-13T11:59:12","slug":"c494-chaleco-de-media-malla-de-alta-visibilidad","status":"publish","type":"product","link":"https:\/\/epicentercanarias.com\/en\/producto\/c494-chaleco-de-media-malla-de-alta-visibilidad\/","title":{"rendered":"C494 &#8211; Chaleco de media- malla de alta visibilidad"},"content":{"rendered":"<p>Un chaleco de malla, transpirable, con ventana porta identidad para los climas m\u00e1s c\u00e1lidos.<\/p>\n<p>Disponible en varios colores: naranja y amarillo.<\/p>\n<p>Caracter\u00edsticas:<\/p>\n<ul>\n<li>Refrescante malla en la parte superior del torso, para una mayor transpirabilidad<\/li>\n<li>Porta-identificaci\u00f3n dual que permite el uso de tarjetas de identificaci\u00f3n tanto verticales como apaisadas<\/li>\n<li>Hechura generosa para comodidad del usuario<\/li>\n<\/ul>\n<p><a href=\"https:\/\/epicentercanarias.com\/wp-content\/uploads\/2020\/12\/C494-COLOR-NARANJA-AMARILLO.pdf\" target=\"_blank\" rel=\"noopener\">Descargar ficha t\u00e9cnica<\/a><\/p>\n","protected":false},"excerpt":{"rendered":"<p>Un chaleco de malla, transpirable, con ventana porta identidad para los climas m\u00e1s c\u00e1lidos. Disponible en varios colores: naranja y amarillo. Caracter\u00edsticas: Refrescante malla en la parte superior del torso, para una mayor transpirabilidad Porta-identificaci\u00f3n dual que permite el uso de tarjetas de identificaci\u00f3n tanto verticales como apaisadas Hechura generosa para comodidad del usuario Descargar [&hellip;]<\/p>\n","protected":false},"featured_media":1988,"template":"","meta":{"_uf_show_specific_survey":0,"_uf_disable_surveys":false,"site-sidebar-layout":"default","site-content-layout":"","ast-site-content-layout":"default","site-content-style":"default","site-sidebar-style":"default","ast-global-header-display":"","ast-banner-title-visibility":"","ast-main-header-display":"","ast-hfb-above-header-display":"","ast-hfb-below-header-display":"","ast-hfb-mobile-header-display":"","site-post-title":"","ast-breadcrumbs-content":"","ast-featured-img":"","footer-sml-layout":"","theme-transparent-header-meta":"default","adv-header-id-meta":"","stick-header-meta":"","header-above-stick-meta":"","header-main-stick-meta":"","header-below-stick-meta":"","astra-migrate-meta-layouts":"set","ast-page-background-enabled":"default","ast-page-background-meta":{"desktop":{"background-color":"","background-image":"","background-repeat":"repeat","background-position":"center center","background-size":"auto","background-attachment":"scroll","background-type":"","background-media":"","overlay-type":"","overlay-color":"","overlay-opacity":"","overlay-gradient":""},"tablet":{"background-color":"","background-image":"","background-repeat":"repeat","background-position":"center center","background-size":"auto","background-attachment":"scroll","background-type":"","background-media":"","overlay-type":"","overlay-color":"","overlay-opacity":"","overlay-gradient":""},"mobile":{"background-color":"","background-image":"","background-repeat":"repeat","background-position":"center center","background-size":"auto","background-attachment":"scroll","background-type":"","background-media":"","overlay-type":"","overlay-color":"","overlay-opacity":"","overlay-gradient":""}},"ast-content-background-meta":{"desktop":{"background-color":"var(--ast-global-color-5)","background-image":"","background-repeat":"repeat","background-position":"center center","background-size":"auto","background-attachment":"scroll","background-type":"","background-media":"","overlay-type":"","overlay-color":"","overlay-opacity":"","overlay-gradient":""},"tablet":{"background-color":"var(--ast-global-color-5)","background-image":"","background-repeat":"repeat","background-position":"center center","background-size":"auto","background-attachment":"scroll","background-type":"","background-media":"","overlay-type":"","overlay-color":"","overlay-opacity":"","overlay-gradient":""},"mobile":{"background-color":"var(--ast-global-color-5)","background-image":"","background-repeat":"repeat","background-position":"center center","background-size":"auto","background-attachment":"scroll","background-type":"","background-media":"","overlay-type":"","overlay-color":"","overlay-opacity":"","overlay-gradient":""}}},"product_brand":[180],"product_cat":[119],"product_tag":[88],"class_list":{"0":"post-2016","1":"product","2":"type-product","3":"status-publish","4":"has-post-thumbnail","6":"product_brand-portwest","7":"product_cat-accesorio-vestuario","8":"product_tag-chaleco","9":"desktop-align-center","10":"tablet-align-center","11":"mobile-align-center","12":"ast-product-gallery-layout-horizontal","13":"ast-product-tabs-layout-horizontal","14":"ast-qv-on-image","16":"first","17":"instock","18":"taxable","19":"shipping-taxable","20":"product-type-simple"},"yoast_head":"<!-- This site is optimized with the Yoast SEO plugin v26.1.1 - https:\/\/yoast.com\/wordpress\/plugins\/seo\/ -->\n<title>C494 - Chaleco de media- malla de alta visibilidad - Epi Center Canarias<\/title>\n<meta name=\"robots\" content=\"index, follow, max-snippet:-1, max-image-preview:large, max-video-preview:-1\" \/>\n<link rel=\"canonical\" href=\"https:\/\/epicentercanarias.com\/en\/producto\/c494-chaleco-de-media-malla-de-alta-visibilidad\/\" \/>\n<meta property=\"og:locale\" content=\"en_US\" \/>\n<meta property=\"og:type\" content=\"article\" \/>\n<meta property=\"og:title\" content=\"C494 - Chaleco de media- malla de alta visibilidad - Epi Center Canarias\" \/>\n<meta property=\"og:description\" content=\"Un chaleco de malla, transpirable, con ventana porta identidad para los climas m\u00e1s c\u00e1lidos. Disponible en varios colores: naranja y amarillo. Caracter\u00edsticas: Refrescante malla en la parte superior del torso, para una mayor transpirabilidad Porta-identificaci\u00f3n dual que permite el uso de tarjetas de identificaci\u00f3n tanto verticales como apaisadas Hechura generosa para comodidad del usuario Descargar [&hellip;]\" \/>\n<meta property=\"og:url\" content=\"https:\/\/epicentercanarias.com\/en\/producto\/c494-chaleco-de-media-malla-de-alta-visibilidad\/\" \/>\n<meta property=\"og:site_name\" content=\"Epi Center Canarias\" \/>\n<meta property=\"article:publisher\" content=\"https:\/\/www.facebook.com\/epicentercanariaslaspalmas\" \/>\n<meta property=\"article:modified_time\" content=\"2025-02-13T11:59:12+00:00\" \/>\n<meta property=\"og:image\" content=\"https:\/\/epicentercanarias.com\/wp-content\/uploads\/2020\/12\/C494-Ora.jpg\" \/>\n\t<meta property=\"og:image:width\" content=\"400\" \/>\n\t<meta property=\"og:image:height\" content=\"400\" \/>\n\t<meta property=\"og:image:type\" content=\"image\/jpeg\" \/>\n<meta name=\"twitter:card\" content=\"summary_large_image\" \/>\n<meta name=\"twitter:label1\" content=\"Est. reading time\" \/>\n\t<meta name=\"twitter:data1\" content=\"1 minute\" \/>\n<script type=\"application\/ld+json\" class=\"yoast-schema-graph\">{\"@context\":\"https:\/\/schema.org\",\"@graph\":[{\"@type\":\"WebPage\",\"@id\":\"https:\/\/epicentercanarias.com\/en\/producto\/c494-chaleco-de-media-malla-de-alta-visibilidad\/\",\"url\":\"https:\/\/epicentercanarias.com\/en\/producto\/c494-chaleco-de-media-malla-de-alta-visibilidad\/\",\"name\":\"C494 - Chaleco de media- malla de alta visibilidad - Epi Center Canarias\",\"isPartOf\":{\"@id\":\"https:\/\/epicentercanarias.com\/en\/#website\"},\"primaryImageOfPage\":{\"@id\":\"https:\/\/epicentercanarias.com\/en\/producto\/c494-chaleco-de-media-malla-de-alta-visibilidad\/#primaryimage\"},\"image\":{\"@id\":\"https:\/\/epicentercanarias.com\/en\/producto\/c494-chaleco-de-media-malla-de-alta-visibilidad\/#primaryimage\"},\"thumbnailUrl\":\"https:\/\/epicentercanarias.com\/wp-content\/uploads\/2020\/12\/C494-Ora.jpg\",\"datePublished\":\"2020-12-27T09:26:29+00:00\",\"dateModified\":\"2025-02-13T11:59:12+00:00\",\"breadcrumb\":{\"@id\":\"https:\/\/epicentercanarias.com\/en\/producto\/c494-chaleco-de-media-malla-de-alta-visibilidad\/#breadcrumb\"},\"inLanguage\":\"en-US\",\"potentialAction\":[{\"@type\":\"ReadAction\",\"target\":[\"https:\/\/epicentercanarias.com\/en\/producto\/c494-chaleco-de-media-malla-de-alta-visibilidad\/\"]}]},{\"@type\":\"ImageObject\",\"inLanguage\":\"en-US\",\"@id\":\"https:\/\/epicentercanarias.com\/en\/producto\/c494-chaleco-de-media-malla-de-alta-visibilidad\/#primaryimage\",\"url\":\"https:\/\/epicentercanarias.com\/wp-content\/uploads\/2020\/12\/C494-Ora.jpg\",\"contentUrl\":\"https:\/\/epicentercanarias.com\/wp-content\/uploads\/2020\/12\/C494-Ora.jpg\",\"width\":400,\"height\":400},{\"@type\":\"BreadcrumbList\",\"@id\":\"https:\/\/epicentercanarias.com\/en\/producto\/c494-chaleco-de-media-malla-de-alta-visibilidad\/#breadcrumb\",\"itemListElement\":[{\"@type\":\"ListItem\",\"position\":1,\"name\":\"Portada\",\"item\":\"https:\/\/epicentercanarias.com\/en\/home\/\"},{\"@type\":\"ListItem\",\"position\":2,\"name\":\"Shop\",\"item\":\"https:\/\/epicentercanarias.com\/en\/shop\/\"},{\"@type\":\"ListItem\",\"position\":3,\"name\":\"C494 &#8211; Chaleco de media- malla de alta visibilidad\"}]},{\"@type\":\"WebSite\",\"@id\":\"https:\/\/epicentercanarias.com\/en\/#website\",\"url\":\"https:\/\/epicentercanarias.com\/en\/\",\"name\":\"Epi Center Canarias\",\"description\":\"Tienda de suministros y mayorista de equipos de protecci\u00f3n individual\",\"publisher\":{\"@id\":\"https:\/\/epicentercanarias.com\/en\/#organization\"},\"potentialAction\":[{\"@type\":\"SearchAction\",\"target\":{\"@type\":\"EntryPoint\",\"urlTemplate\":\"https:\/\/epicentercanarias.com\/en\/?s={search_term_string}\"},\"query-input\":{\"@type\":\"PropertyValueSpecification\",\"valueRequired\":true,\"valueName\":\"search_term_string\"}}],\"inLanguage\":\"en-US\"},{\"@type\":\"Organization\",\"@id\":\"https:\/\/epicentercanarias.com\/en\/#organization\",\"name\":\"Epi Center Canarias\",\"url\":\"https:\/\/epicentercanarias.com\/en\/\",\"logo\":{\"@type\":\"ImageObject\",\"inLanguage\":\"en-US\",\"@id\":\"https:\/\/epicentercanarias.com\/en\/#\/schema\/logo\/image\/\",\"url\":\"https:\/\/epicentercanarias.com\/wp-content\/uploads\/2020\/01\/Logo-Epicenter-Canarias-amarillo.png\",\"contentUrl\":\"https:\/\/epicentercanarias.com\/wp-content\/uploads\/2020\/01\/Logo-Epicenter-Canarias-amarillo.png\",\"width\":473,\"height\":364,\"caption\":\"Epi Center Canarias\"},\"image\":{\"@id\":\"https:\/\/epicentercanarias.com\/en\/#\/schema\/logo\/image\/\"},\"sameAs\":[\"https:\/\/www.facebook.com\/epicentercanariaslaspalmas\",\"https:\/\/www.instagram.com\/epicentercanarias\/\"]}]}<\/script>\n<!-- \/ Yoast SEO plugin. -->","yoast_head_json":{"title":"C494 - Chaleco de media- malla de alta visibilidad - Epi Center Canarias","robots":{"index":"index","follow":"follow","max-snippet":"max-snippet:-1","max-image-preview":"max-image-preview:large","max-video-preview":"max-video-preview:-1"},"canonical":"https:\/\/epicentercanarias.com\/en\/producto\/c494-chaleco-de-media-malla-de-alta-visibilidad\/","og_locale":"en_US","og_type":"article","og_title":"C494 - Chaleco de media- malla de alta visibilidad - Epi Center Canarias","og_description":"Un chaleco de malla, transpirable, con ventana porta identidad para los climas m\u00e1s c\u00e1lidos. Disponible en varios colores: naranja y amarillo. Caracter\u00edsticas: Refrescante malla en la parte superior del torso, para una mayor transpirabilidad Porta-identificaci\u00f3n dual que permite el uso de tarjetas de identificaci\u00f3n tanto verticales como apaisadas Hechura generosa para comodidad del usuario Descargar [&hellip;]","og_url":"https:\/\/epicentercanarias.com\/en\/producto\/c494-chaleco-de-media-malla-de-alta-visibilidad\/","og_site_name":"Epi Center Canarias","article_publisher":"https:\/\/www.facebook.com\/epicentercanariaslaspalmas","article_modified_time":"2025-02-13T11:59:12+00:00","og_image":[{"width":400,"height":400,"url":"https:\/\/epicentercanarias.com\/wp-content\/uploads\/2020\/12\/C494-Ora.jpg","type":"image\/jpeg"}],"twitter_card":"summary_large_image","twitter_misc":{"Est. reading time":"1 minute"},"schema":{"@context":"https:\/\/schema.org","@graph":[{"@type":"WebPage","@id":"https:\/\/epicentercanarias.com\/en\/producto\/c494-chaleco-de-media-malla-de-alta-visibilidad\/","url":"https:\/\/epicentercanarias.com\/en\/producto\/c494-chaleco-de-media-malla-de-alta-visibilidad\/","name":"C494 - Chaleco de media- malla de alta visibilidad - Epi Center Canarias","isPartOf":{"@id":"https:\/\/epicentercanarias.com\/en\/#website"},"primaryImageOfPage":{"@id":"https:\/\/epicentercanarias.com\/en\/producto\/c494-chaleco-de-media-malla-de-alta-visibilidad\/#primaryimage"},"image":{"@id":"https:\/\/epicentercanarias.com\/en\/producto\/c494-chaleco-de-media-malla-de-alta-visibilidad\/#primaryimage"},"thumbnailUrl":"https:\/\/epicentercanarias.com\/wp-content\/uploads\/2020\/12\/C494-Ora.jpg","datePublished":"2020-12-27T09:26:29+00:00","dateModified":"2025-02-13T11:59:12+00:00","breadcrumb":{"@id":"https:\/\/epicentercanarias.com\/en\/producto\/c494-chaleco-de-media-malla-de-alta-visibilidad\/#breadcrumb"},"inLanguage":"en-US","potentialAction":[{"@type":"ReadAction","target":["https:\/\/epicentercanarias.com\/en\/producto\/c494-chaleco-de-media-malla-de-alta-visibilidad\/"]}]},{"@type":"ImageObject","inLanguage":"en-US","@id":"https:\/\/epicentercanarias.com\/en\/producto\/c494-chaleco-de-media-malla-de-alta-visibilidad\/#primaryimage","url":"https:\/\/epicentercanarias.com\/wp-content\/uploads\/2020\/12\/C494-Ora.jpg","contentUrl":"https:\/\/epicentercanarias.com\/wp-content\/uploads\/2020\/12\/C494-Ora.jpg","width":400,"height":400},{"@type":"BreadcrumbList","@id":"https:\/\/epicentercanarias.com\/en\/producto\/c494-chaleco-de-media-malla-de-alta-visibilidad\/#breadcrumb","itemListElement":[{"@type":"ListItem","position":1,"name":"Portada","item":"https:\/\/epicentercanarias.com\/en\/home\/"},{"@type":"ListItem","position":2,"name":"Shop","item":"https:\/\/epicentercanarias.com\/en\/shop\/"},{"@type":"ListItem","position":3,"name":"C494 &#8211; Chaleco de media- malla de alta visibilidad"}]},{"@type":"WebSite","@id":"https:\/\/epicentercanarias.com\/en\/#website","url":"https:\/\/epicentercanarias.com\/en\/","name":"Epi Center Canarias","description":"Tienda de suministros y mayorista de equipos de protecci\u00f3n individual","publisher":{"@id":"https:\/\/epicentercanarias.com\/en\/#organization"},"potentialAction":[{"@type":"SearchAction","target":{"@type":"EntryPoint","urlTemplate":"https:\/\/epicentercanarias.com\/en\/?s={search_term_string}"},"query-input":{"@type":"PropertyValueSpecification","valueRequired":true,"valueName":"search_term_string"}}],"inLanguage":"en-US"},{"@type":"Organization","@id":"https:\/\/epicentercanarias.com\/en\/#organization","name":"Epi Center Canarias","url":"https:\/\/epicentercanarias.com\/en\/","logo":{"@type":"ImageObject","inLanguage":"en-US","@id":"https:\/\/epicentercanarias.com\/en\/#\/schema\/logo\/image\/","url":"https:\/\/epicentercanarias.com\/wp-content\/uploads\/2020\/01\/Logo-Epicenter-Canarias-amarillo.png","contentUrl":"https:\/\/epicentercanarias.com\/wp-content\/uploads\/2020\/01\/Logo-Epicenter-Canarias-amarillo.png","width":473,"height":364,"caption":"Epi Center Canarias"},"image":{"@id":"https:\/\/epicentercanarias.com\/en\/#\/schema\/logo\/image\/"},"sameAs":["https:\/\/www.facebook.com\/epicentercanariaslaspalmas","https:\/\/www.instagram.com\/epicentercanarias\/"]}]}},"_links":{"self":[{"href":"https:\/\/epicentercanarias.com\/en\/wp-json\/wp\/v2\/product\/2016","targetHints":{"allow":["GET"]}}],"collection":[{"href":"https:\/\/epicentercanarias.com\/en\/wp-json\/wp\/v2\/product"}],"about":[{"href":"https:\/\/epicentercanarias.com\/en\/wp-json\/wp\/v2\/types\/product"}],"version-history":[{"count":0,"href":"https:\/\/epicentercanarias.com\/en\/wp-json\/wp\/v2\/product\/2016\/revisions"}],"wp:featuredmedia":[{"embeddable":true,"href":"https:\/\/epicentercanarias.com\/en\/wp-json\/wp\/v2\/media\/1988"}],"wp:attachment":[{"href":"https:\/\/epicentercanarias.com\/en\/wp-json\/wp\/v2\/media?parent=2016"}],"wp:term":[{"taxonomy":"product_brand","embeddable":true,"href":"https:\/\/epicentercanarias.com\/en\/wp-json\/wp\/v2\/product_brand?post=2016"},{"taxonomy":"product_cat","embeddable":true,"href":"https:\/\/epicentercanarias.com\/en\/wp-json\/wp\/v2\/product_cat?post=2016"},{"taxonomy":"product_tag","embeddable":true,"href":"https:\/\/epicentercanarias.com\/en\/wp-json\/wp\/v2\/product_tag?post=2016"}],"curies":[{"name":"wp","href":"https:\/\/api.w.org\/{rel}","templated":true}]}}